{"id":66,"date":"2024-11-22T04:58:26","date_gmt":"2024-11-22T04:58:26","guid":{"rendered":"https:\/\/navalfactory.com\/?page_id=66"},"modified":"2024-11-22T15:31:44","modified_gmt":"2024-11-22T15:31:44","slug":"lo-que-ofrecemos","status":"publish","type":"page","link":"https:\/\/navalfactory.com\/en\/lo-que-ofrecemos\/","title":{"rendered":"Our services"},"content":{"rendered":"<div class=\"wp-block-group alignfull wp-block-section  wp-block-hero-content has-foreground-background-color has-background is-layout-flow wp-block-group-is-layout-flow\">\n<div class=\"wp-block-group is-layout-flow wp-block-group-is-layout-flow\">\n<div class=\"wp-block-group has-foreground-background-color has-background is-layout-constrained wp-block-group-is-layout-constrained\">\n<div style=\"height:40px\" aria-hidden=\"true\" class=\"wp-block-spacer\"><\/div>\n\n\n\n<div class=\"wp-block-media-text alignfull is-stacked-on-mobile\" style=\"grid-template-columns:40% auto\"><figure class=\"wp-block-media-text__media\"><img loading=\"lazy\" decoding=\"async\" width=\"1024\" height=\"676\" src=\"https:\/\/navalfactory.com\/wp-content\/uploads\/2024\/11\/imagenes-web-03-1024x676.jpg\" alt=\"\" class=\"wp-image-38 size-full\" srcset=\"https:\/\/navalfactory.com\/wp-content\/uploads\/2024\/11\/imagenes-web-03-1024x676.jpg 1024w, https:\/\/navalfactory.com\/wp-content\/uploads\/2024\/11\/imagenes-web-03-300x198.jpg 300w, https:\/\/navalfactory.com\/wp-content\/uploads\/2024\/11\/imagenes-web-03-768x507.jpg 768w, https:\/\/navalfactory.com\/wp-content\/uploads\/2024\/11\/imagenes-web-03-1536x1015.jpg 1536w, https:\/\/navalfactory.com\/wp-content\/uploads\/2024\/11\/imagenes-web-03-2048x1353.jpg 2048w\" sizes=\"auto, (max-width: 1024px) 100vw, 1024px\" \/><\/figure><div class=\"wp-block-media-text__content\">\n<div class=\"wp-block-group wp-block-group-heading is-layout-flow wp-container-core-group-is-layout-dc10bc65 wp-block-group-is-layout-flow\">\n<h2 class=\"wp-block-heading has-text-align-left has-primary-color has-text-color has-link-color wp-elements-6c0925ec58685469f4c87e579c25f0ff\" style=\"text-transform:none\">Vessel Design and Engineering Service<\/h2>\n<\/div>\n\n\n\n<p class=\"has-text-align-left has-patrick-blue-color has-text-color has-link-color wp-elements-5cb1f50cc71cbbe37035d0faceb437a9\">Our team of professionals provides vessel engineering and design services tailored to client requests.<\/p>\n<\/div><\/div>\n<\/div>\n<\/div>\n<\/div>\n\n\n\n<div class=\"wp-block-group alignfull wp-block-section  wp-block-hero-content has-patrick-blue-background-color has-background is-layout-flow wp-block-group-is-layout-flow\">\n<div class=\"wp-block-group is-layout-flow wp-block-group-is-layout-flow\">\n<div class=\"wp-block-group alignfull wp-block-section wp-block-hero-content is-style-padding-0 is-layout-flow wp-block-group-is-layout-flow\" style=\"margin-top:0;margin-bottom:0\">\n<div style=\"height:100px\" aria-hidden=\"true\" class=\"wp-block-spacer\"><\/div>\n\n\n\n<div class=\"wp-block-group is-layout-flow wp-block-group-is-layout-flow\">\n<div class=\"wp-block-media-text alignwide has-media-on-the-right is-stacked-on-mobile\" style=\"grid-template-columns:auto 40%\"><div class=\"wp-block-media-text__content\">\n<div class=\"wp-block-group wp-block-group-heading is-layout-flow wp-container-core-group-is-layout-dc10bc65 wp-block-group-is-layout-flow\">\n<h2 class=\"wp-block-heading has-text-align-left has-primary-color has-text-color has-link-color wp-elements-408adb7c293e3be22e1d6e0b76c6a812\">Manufacturing of small fishing vessels<\/h2>\n<\/div>\n\n\n\n<p class=\"has-text-align-left\">We have skilled technicians and the necessary facilities to manufacture vessels based on our\nproprietary designs.<\/p>\n<\/div><figure class=\"wp-block-media-text__media\"><img loading=\"lazy\" decoding=\"async\" width=\"1024\" height=\"677\" src=\"https:\/\/navalfactory.com\/wp-content\/uploads\/2024\/11\/servicio3-1024x677.jpg\" alt=\"\" class=\"wp-image-35 size-full\" srcset=\"https:\/\/navalfactory.com\/wp-content\/uploads\/2024\/11\/servicio3-1024x677.jpg 1024w, https:\/\/navalfactory.com\/wp-content\/uploads\/2024\/11\/servicio3-300x198.jpg 300w, https:\/\/navalfactory.com\/wp-content\/uploads\/2024\/11\/servicio3-768x507.jpg 768w, https:\/\/navalfactory.com\/wp-content\/uploads\/2024\/11\/servicio3.jpg 1170w\" sizes=\"auto, (max-width: 1024px) 100vw, 1024px\" \/><\/figure><\/div>\n<\/div>\n<\/div>\n<\/div>\n<\/div>\n\n\n\n<div class=\"wp-block-group alignfull wp-block-section  wp-block-hero-content has-foreground-background-color has-background is-layout-flow wp-block-group-is-layout-flow\">\n<div class=\"wp-block-group is-layout-flow wp-block-group-is-layout-flow\">\n<div class=\"wp-block-group alignfull wp-block-section  wp-block-hero-content is-layout-flow wp-block-group-is-layout-flow\">\n<div class=\"wp-block-group is-layout-flow wp-block-group-is-layout-flow\">\n<div class=\"wp-block-group has-foreground-background-color has-background is-layout-constrained wp-block-group-is-layout-constrained\">\n<div style=\"height:50px\" aria-hidden=\"true\" class=\"wp-block-spacer\"><\/div>\n\n\n\n<div class=\"wp-block-media-text alignfull is-stacked-on-mobile\" style=\"grid-template-columns:40% auto\"><figure class=\"wp-block-media-text__media\"><img loading=\"lazy\" decoding=\"async\" width=\"1024\" height=\"676\" src=\"https:\/\/navalfactory.com\/wp-content\/uploads\/2024\/11\/imagenes-web-02-1-1024x676.jpg\" alt=\"\" class=\"wp-image-37 size-full\" srcset=\"https:\/\/navalfactory.com\/wp-content\/uploads\/2024\/11\/imagenes-web-02-1-1024x676.jpg 1024w, https:\/\/navalfactory.com\/wp-content\/uploads\/2024\/11\/imagenes-web-02-1-300x198.jpg 300w, https:\/\/navalfactory.com\/wp-content\/uploads\/2024\/11\/imagenes-web-02-1-768x507.jpg 768w, https:\/\/navalfactory.com\/wp-content\/uploads\/2024\/11\/imagenes-web-02-1-1536x1015.jpg 1536w, https:\/\/navalfactory.com\/wp-content\/uploads\/2024\/11\/imagenes-web-02-1-2048x1353.jpg 2048w\" sizes=\"auto, (max-width: 1024px) 100vw, 1024px\" \/><\/figure><div class=\"wp-block-media-text__content\">\n<div class=\"wp-block-group wp-block-group-heading is-layout-flow wp-container-core-group-is-layout-dc10bc65 wp-block-group-is-layout-flow\">\n<h2 class=\"wp-block-heading has-text-align-left has-primary-color has-text-color has-link-color wp-elements-2d335b100b59532f089a73847ddbe786\">Vessel Repair Service<\/h2>\n<\/div>\n\n\n\n<p class=\"has-text-align-left has-patrick-blue-color has-text-color has-link-color wp-elements-3cc8d063b2e3ed2d696f4eb61cdaf369\">We offer repair services for medium and small-sized vessels.<\/p>\n<\/div><\/div>\n<\/div>\n<\/div>\n<\/div>\n<\/div>\n<\/div>","protected":false},"excerpt":{"rendered":"<p>Servicio de dise\u00f1o e ingenier\u00eda de Embarcaciones Nuestro equipo de profesionales ofrece el servicio de ingenier\u00eda y dise\u00f1o de embarcaciones bajo solicitud del cliente. Fabricaci\u00f3n de embarcaciones pesqueras de peque\u00f1o tama\u00f1o Contamos con personal t\u00e9cnico y con las instalaciones necesarias para fabricar embarcaciones de dise\u00f1o propio. Servicio de reparaci\u00f3n de embarcaciones Ofrecemos el servicio de [&hellip;]<\/p>\n","protected":false},"author":1,"featured_media":0,"parent":0,"menu_order":0,"comment_status":"closed","ping_status":"closed","template":"","meta":{"_coblocks_attr":"","_coblocks_dimensions":"{\"coblocks-hero-102210750951\":{\"padding\":{}}}","_coblocks_responsive_height":"","_coblocks_accordion_ie_support":"","footnotes":""},"class_list":["post-66","page","type-page","status-publish","hentry"],"_links":{"self":[{"href":"https:\/\/navalfactory.com\/en\/wp-json\/wp\/v2\/pages\/66","targetHints":{"allow":["GET"]}}],"collection":[{"href":"https:\/\/navalfactory.com\/en\/wp-json\/wp\/v2\/pages"}],"about":[{"href":"https:\/\/navalfactory.com\/en\/wp-json\/wp\/v2\/types\/page"}],"author":[{"embeddable":true,"href":"https:\/\/navalfactory.com\/en\/wp-json\/wp\/v2\/users\/1"}],"replies":[{"embeddable":true,"href":"https:\/\/navalfactory.com\/en\/wp-json\/wp\/v2\/comments?post=66"}],"version-history":[{"count":12,"href":"https:\/\/navalfactory.com\/en\/wp-json\/wp\/v2\/pages\/66\/revisions"}],"predecessor-version":[{"id":97,"href":"https:\/\/navalfactory.com\/en\/wp-json\/wp\/v2\/pages\/66\/revisions\/97"}],"wp:attachment":[{"href":"https:\/\/navalfactory.com\/en\/wp-json\/wp\/v2\/media?parent=66"}],"curies":[{"name":"wp","href":"https:\/\/api.w.org\/{rel}","templated":true}]}}