{"id":4,"date":"2024-11-21T17:19:41","date_gmt":"2024-11-21T17:19:41","guid":{"rendered":"https:\/\/navalfactory.com\/home-page\/"},"modified":"2024-11-22T19:41:23","modified_gmt":"2024-11-22T19:41:23","slug":"home-page","status":"publish","type":"page","link":"https:\/\/navalfactory.com\/es\/","title":{"rendered":"Home"},"content":{"rendered":"\n<div class=\"wp-block-group alignfull wp-block-section  wp-block-hero-content is-layout-flow wp-block-group-is-layout-flow\">\n<div class=\"wp-block-group is-layout-flow wp-block-group-is-layout-flow\">\n<div class=\"wp-block-group is-layout-constrained wp-block-group-is-layout-constrained\">\n<div class=\"wp-block-media-text alignwide is-stacked-on-mobile\" style=\"grid-template-columns:40% auto\"><figure class=\"wp-block-media-text__media\"><img loading=\"lazy\" decoding=\"async\" width=\"1024\" height=\"474\" src=\"https:\/\/navalfactory.com\/wp-content\/uploads\/2024\/11\/variaciones-logo-naval-factory-01-1024x474.png\" alt=\"\" class=\"wp-image-33 size-full\" srcset=\"https:\/\/navalfactory.com\/wp-content\/uploads\/2024\/11\/variaciones-logo-naval-factory-01-1024x474.png 1024w, https:\/\/navalfactory.com\/wp-content\/uploads\/2024\/11\/variaciones-logo-naval-factory-01-300x139.png 300w, https:\/\/navalfactory.com\/wp-content\/uploads\/2024\/11\/variaciones-logo-naval-factory-01-768x355.png 768w, https:\/\/navalfactory.com\/wp-content\/uploads\/2024\/11\/variaciones-logo-naval-factory-01-1536x711.png 1536w, https:\/\/navalfactory.com\/wp-content\/uploads\/2024\/11\/variaciones-logo-naval-factory-01.png 1705w\" sizes=\"auto, (max-width: 1024px) 100vw, 1024px\" \/><\/figure><div class=\"wp-block-media-text__content\">\n<div class=\"wp-block-group wp-block-group-heading is-layout-flow wp-container-core-group-is-layout-dc10bc65 wp-block-group-is-layout-flow\">\n<h6 class=\"wp-block-heading has-text-align-left has-patrick-blue-color has-text-color has-medium-font-size\" style=\"font-style:normal;font-weight:600;line-height:1.8;text-transform:uppercase\">bienvenido<\/h6>\n\n\n\n<h2 class=\"wp-block-heading has-text-align-left\" style=\"line-height:1\">somos<\/h2>\n\n\n\n<h1 class=\"wp-block-heading has-text-align-left has-product-heading-font-size\" style=\"line-height:1\">NAVALFACTORY<\/h1>\n<\/div>\n\n\n\n<p class=\"has-text-align-left has-patrick-blue-color has-text-color has-link-color wp-elements-87764e81a2e4857571dcfb1e1f0a0495\">Somos una empresa que se ha constituido para desarrollar todas las actividades relacionadas con la investigaci\u00f3n, desarrollo, construcci\u00f3n, producci\u00f3n y comercializaci\u00f3n de Buques Pesqueros.<\/p>\n<\/div><\/div>\n<\/div>\n<\/div>\n<\/div>\n\n\n\n<div class=\"wp-block-group alignfull wp-block-section wp-block-feature-content is-layout-constrained wp-block-group-is-layout-constrained\">\n<div class=\"wp-block-group alignwide wp-block-group-heading is-layout-flow wp-container-core-group-is-layout-dc10bc65 wp-block-group-is-layout-flow\">\n<h2 class=\"wp-block-heading has-text-align-center\">Nuestros servicios<\/h2>\n<\/div>\n\n\n\n<div class=\"wp-block-group alignwide wp-block-group-content is-layout-flow wp-block-group-is-layout-flow\">\n<div class=\"wp-block-columns alignwide is-layout-flex wp-container-core-columns-is-layout-28f84493 wp-block-columns-is-layout-flex\">\n<div class=\"wp-block-column is-layout-flow wp-block-column-is-layout-flow\">\n<div class=\"wp-block-group wp-block-post-group is-layout-flow wp-block-group-is-layout-flow\" style=\"border-style:none;border-width:0px\">\n<figure class=\"wp-block-image size-full\"><img loading=\"lazy\" decoding=\"async\" width=\"2560\" height=\"1691\" src=\"https:\/\/navalfactory.com\/wp-content\/uploads\/2024\/11\/imagenes-web-03-scaled.jpg\" alt=\"\" class=\"wp-image-38\" srcset=\"https:\/\/navalfactory.com\/wp-content\/uploads\/2024\/11\/imagenes-web-03-scaled.jpg 2560w, https:\/\/navalfactory.com\/wp-content\/uploads\/2024\/11\/imagenes-web-03-300x198.jpg 300w, https:\/\/navalfactory.com\/wp-content\/uploads\/2024\/11\/imagenes-web-03-1024x676.jpg 1024w, https:\/\/navalfactory.com\/wp-content\/uploads\/2024\/11\/imagenes-web-03-768x507.jpg 768w, https:\/\/navalfactory.com\/wp-content\/uploads\/2024\/11\/imagenes-web-03-1536x1015.jpg 1536w, https:\/\/navalfactory.com\/wp-content\/uploads\/2024\/11\/imagenes-web-03-2048x1353.jpg 2048w\" sizes=\"auto, (max-width: 2560px) 100vw, 2560px\" \/><\/figure>\n\n\n\n<div class=\"wp-block-group wp-block-entry-content is-layout-flow wp-block-group-is-layout-flow\">\n<h2 class=\"wp-block-heading has-content-heading-font-size\">Servicio de Dise\u00f1o e Ingenier\u00eda de embarcaciones<\/h2>\n\n\n\n<p>Nuestro equipo de profesionales ofrece el servicio de ingenier\u00eda y dise\u00f1o de embarcaciones bajo solicitud del cliente<\/p>\n<\/div>\n<\/div>\n<\/div>\n\n\n\n<div class=\"wp-block-column is-layout-flow wp-block-column-is-layout-flow\">\n<div class=\"wp-block-group wp-block-post-group is-layout-flow wp-block-group-is-layout-flow\" style=\"border-style:none;border-width:0px\">\n<figure class=\"wp-block-image size-full\"><img loading=\"lazy\" decoding=\"async\" width=\"1170\" height=\"773\" src=\"https:\/\/navalfactory.com\/wp-content\/uploads\/2024\/11\/servicio3.jpg\" alt=\"\" class=\"wp-image-35\" srcset=\"https:\/\/navalfactory.com\/wp-content\/uploads\/2024\/11\/servicio3.jpg 1170w, https:\/\/navalfactory.com\/wp-content\/uploads\/2024\/11\/servicio3-300x198.jpg 300w, https:\/\/navalfactory.com\/wp-content\/uploads\/2024\/11\/servicio3-1024x677.jpg 1024w, https:\/\/navalfactory.com\/wp-content\/uploads\/2024\/11\/servicio3-768x507.jpg 768w\" sizes=\"auto, (max-width: 1170px) 100vw, 1170px\" \/><\/figure>\n\n\n\n<div class=\"wp-block-group wp-block-entry-content is-layout-flow wp-block-group-is-layout-flow\">\n<h2 class=\"wp-block-heading has-content-heading-font-size\">Fabricaci\u00f3n de embarcaciones pesqueras de peque\u00f1o tama\u00f1o<\/h2>\n\n\n\n<p>Contamos con personal t\u00e9cnico y con las instalaciones necesarias para fabricar embarcaciones de dise\u00f1o propio<\/p>\n<\/div>\n<\/div>\n<\/div>\n\n\n\n<div class=\"wp-block-column is-layout-flow wp-block-column-is-layout-flow\">\n<div class=\"wp-block-group wp-block-post-group is-layout-flow wp-block-group-is-layout-flow\" style=\"border-style:none;border-width:0px\">\n<figure class=\"wp-block-image size-full\"><img loading=\"lazy\" decoding=\"async\" width=\"2560\" height=\"1691\" src=\"https:\/\/navalfactory.com\/wp-content\/uploads\/2024\/11\/imagenes-web-02-1-scaled.jpg\" alt=\"\" class=\"wp-image-37\" srcset=\"https:\/\/navalfactory.com\/wp-content\/uploads\/2024\/11\/imagenes-web-02-1-scaled.jpg 2560w, https:\/\/navalfactory.com\/wp-content\/uploads\/2024\/11\/imagenes-web-02-1-300x198.jpg 300w, https:\/\/navalfactory.com\/wp-content\/uploads\/2024\/11\/imagenes-web-02-1-1024x676.jpg 1024w, https:\/\/navalfactory.com\/wp-content\/uploads\/2024\/11\/imagenes-web-02-1-768x507.jpg 768w, https:\/\/navalfactory.com\/wp-content\/uploads\/2024\/11\/imagenes-web-02-1-1536x1015.jpg 1536w, https:\/\/navalfactory.com\/wp-content\/uploads\/2024\/11\/imagenes-web-02-1-2048x1353.jpg 2048w\" sizes=\"auto, (max-width: 2560px) 100vw, 2560px\" \/><\/figure>\n\n\n\n<div class=\"wp-block-group wp-block-entry-content is-layout-flow wp-block-group-is-layout-flow\">\n<h2 class=\"wp-block-heading has-content-heading-font-size\">Servicio de reparaci\u00f3n de embarcaciones<\/h2>\n\n\n\n<p>Ofrecemos el servicio de reparaci\u00f3n de embarcaciones de mediano y peque\u00f1o tama\u00f1o<\/p>\n<\/div>\n<\/div>\n<\/div>\n<\/div>\n<\/div>\n<\/div>\n\n\n\n<p><\/p>\n","protected":false},"excerpt":{"rendered":"<p>bienvenido somos NAVALFACTORY Somos una empresa que se ha constituido para desarrollar todas las actividades relacionadas con la investigaci\u00f3n, desarrollo, construcci\u00f3n, producci\u00f3n y comercializaci\u00f3n de Buques Pesqueros. Nuestros servicios Servicio de Dise\u00f1o e Ingenier\u00eda de embarcaciones Nuestro equipo de profesionales ofrece el servicio de ingenier\u00eda y dise\u00f1o de embarcaciones bajo solicitud del cliente Fabricaci\u00f3n de [&hellip;]<\/p>\n","protected":false},"author":0,"featured_media":0,"parent":0,"menu_order":0,"comment_status":"closed","ping_status":"closed","template":"","meta":{"_coblocks_attr":"","_coblocks_dimensions":"","_coblocks_responsive_height":"","_coblocks_accordion_ie_support":"","footnotes":""},"class_list":["post-4","page","type-page","status-publish","hentry"],"_links":{"self":[{"href":"https:\/\/navalfactory.com\/es\/wp-json\/wp\/v2\/pages\/4","targetHints":{"allow":["GET"]}}],"collection":[{"href":"https:\/\/navalfactory.com\/es\/wp-json\/wp\/v2\/pages"}],"about":[{"href":"https:\/\/navalfactory.com\/es\/wp-json\/wp\/v2\/types\/page"}],"replies":[{"embeddable":true,"href":"https:\/\/navalfactory.com\/es\/wp-json\/wp\/v2\/comments?post=4"}],"version-history":[{"count":5,"href":"https:\/\/navalfactory.com\/es\/wp-json\/wp\/v2\/pages\/4\/revisions"}],"predecessor-version":[{"id":136,"href":"https:\/\/navalfactory.com\/es\/wp-json\/wp\/v2\/pages\/4\/revisions\/136"}],"wp:attachment":[{"href":"https:\/\/navalfactory.com\/es\/wp-json\/wp\/v2\/media?parent=4"}],"curies":[{"name":"wp","href":"https:\/\/api.w.org\/{rel}","templated":true}]}}