{"id":50,"date":"2024-11-22T04:59:13","date_gmt":"2024-11-22T04:59:13","guid":{"rendered":"https:\/\/navalfactory.com\/?page_id=50"},"modified":"2024-11-22T17:55:09","modified_gmt":"2024-11-22T17:55:09","slug":"nosotros","status":"publish","type":"page","link":"https:\/\/navalfactory.com\/es\/nosotros\/","title":{"rendered":"Nosotros"},"content":{"rendered":"\n<div class=\"wp-block-cover alignfull is-light\" style=\"margin-top:0;min-height:40vw;aspect-ratio:unset;\"><span aria-hidden=\"true\" class=\"wp-block-cover__background has-black-background-color has-background-dim-0 has-background-dim\"><\/span><video class=\"wp-block-cover__video-background intrinsic-ignore\" autoplay muted loop playsinline src=\"https:\/\/navalfactory.com\/wp-content\/uploads\/2024\/11\/video_instalaciones.mp4\" data-object-fit=\"cover\"><\/video><div class=\"wp-block-cover__inner-container is-layout-flow wp-block-cover-is-layout-flow\">\n<div style=\"height:50px\" aria-hidden=\"true\" class=\"wp-block-spacer\"><\/div>\n<\/div><\/div>\n\n\n\n<figure class=\"wp-block-pullquote alignwide has-patrick-blue-color has-text-color has-link-color has-upper-heading-font-size coblocks-animate wp-elements-88b9436d5fc90acc6ec5602c0711967a\" style=\"border-top-color:var(--wp--preset--color--primary);border-top-style:solid;border-top-width:2px;border-right-style:none;border-right-width:0px;border-bottom-color:var(--wp--preset--color--primary);border-bottom-style:solid;border-bottom-width:2px;border-left-style:none;border-left-width:0px\" data-coblocks-animation=\"fadeIn\"><blockquote><p>Somos una empresa que se ha constituido para desarrollar todas las actividades relacionadas con la investigaci\u00f3n, desarrollo, construcci\u00f3n, producci\u00f3n y comercializaci\u00f3n de Buques Pesqueros.<br><strong>NAVALFACTORY<\/strong> nace en el contexto de grandes avances en la industria pesquera artesanal a nivel mundial debido a la creciente conciencia sobre la importancia de proteger los recursos marinos costeros. Por esta raz\u00f3n, asumimos una filosof\u00eda de sostenibilidad en una producci\u00f3n ecol\u00f3gicamente sustentable y socialmente responsable.<\/p><\/blockquote><\/figure>\n\n\n\n<div style=\"height:80px\" aria-hidden=\"true\" class=\"wp-block-spacer\"><\/div>\n\n\n\n<div class=\"wp-block-media-text alignwide has-media-on-the-right is-stacked-on-mobile coblocks-animate\" style=\"margin-top:0;margin-right:var(--wp--preset--spacing--70);margin-bottom:0;margin-left:var(--wp--preset--spacing--70);grid-template-columns:auto 40%\" data-coblocks-animation=\"slideInLeft\"><div class=\"wp-block-media-text__content\">\n<p class=\"has-primary-color has-text-color has-link-color has-content-heading-font-size wp-elements-05e1a9df943a48d63e2bfeed4cff6965\"><strong>Somos NAVALFACTORY<\/strong><\/p>\n\n\n\n<p class=\"has-patrick-blue-color has-text-color has-link-color has-small-font-size wp-elements-5895dbeef4deed0b30d8661f62cde6c8\" style=\"margin-right:0;margin-left:0\">Un equipo que tiene como misi\u00f3n construir embarcaciones y brindar servicios relacionados a la actividad pesquera artesanal, aplicando procesos y tecnolog\u00edas  alineados a normativas internacionales, para mejorar la calidad de la pesca capturada durante el tiempo de faena, con m\u00e9todos de captura autosustentables.<\/p>\n<\/div><figure class=\"wp-block-media-text__media\"><img loading=\"lazy\" decoding=\"async\" width=\"1024\" height=\"677\" src=\"https:\/\/navalfactory.com\/wp-content\/uploads\/2024\/11\/ofi-low-1024x677.jpg\" alt=\"\" class=\"wp-image-100 size-full\" srcset=\"https:\/\/navalfactory.com\/wp-content\/uploads\/2024\/11\/ofi-low-1024x677.jpg 1024w, https:\/\/navalfactory.com\/wp-content\/uploads\/2024\/11\/ofi-low-300x198.jpg 300w, https:\/\/navalfactory.com\/wp-content\/uploads\/2024\/11\/ofi-low-768x507.jpg 768w, https:\/\/navalfactory.com\/wp-content\/uploads\/2024\/11\/ofi-low.jpg 1170w\" sizes=\"auto, (max-width: 1024px) 100vw, 1024px\" \/><\/figure><\/div>\n","protected":false},"excerpt":{"rendered":"<p>Somos una empresa que se ha constituido para desarrollar todas las actividades relacionadas con la investigaci\u00f3n, desarrollo, construcci\u00f3n, producci\u00f3n y comercializaci\u00f3n de Buques Pesqueros.NAVALFACTORY nace en el contexto de grandes avances en la industria pesquera artesanal a nivel mundial debido a la creciente conciencia sobre la importancia de proteger los recursos marinos costeros. Por esta [&hellip;]<\/p>\n","protected":false},"author":1,"featured_media":0,"parent":0,"menu_order":0,"comment_status":"closed","ping_status":"closed","template":"","meta":{"_coblocks_attr":"","_coblocks_dimensions":"","_coblocks_responsive_height":"","_coblocks_accordion_ie_support":"","footnotes":""},"class_list":["post-50","page","type-page","status-publish","hentry"],"_links":{"self":[{"href":"https:\/\/navalfactory.com\/es\/wp-json\/wp\/v2\/pages\/50","targetHints":{"allow":["GET"]}}],"collection":[{"href":"https:\/\/navalfactory.com\/es\/wp-json\/wp\/v2\/pages"}],"about":[{"href":"https:\/\/navalfactory.com\/es\/wp-json\/wp\/v2\/types\/page"}],"author":[{"embeddable":true,"href":"https:\/\/navalfactory.com\/es\/wp-json\/wp\/v2\/users\/1"}],"replies":[{"embeddable":true,"href":"https:\/\/navalfactory.com\/es\/wp-json\/wp\/v2\/comments?post=50"}],"version-history":[{"count":12,"href":"https:\/\/navalfactory.com\/es\/wp-json\/wp\/v2\/pages\/50\/revisions"}],"predecessor-version":[{"id":124,"href":"https:\/\/navalfactory.com\/es\/wp-json\/wp\/v2\/pages\/50\/revisions\/124"}],"wp:attachment":[{"href":"https:\/\/navalfactory.com\/es\/wp-json\/wp\/v2\/media?parent=50"}],"curies":[{"name":"wp","href":"https:\/\/api.w.org\/{rel}","templated":true}]}}